{"id":292,"date":"2013-06-05T06:57:01","date_gmt":"2013-06-05T06:57:01","guid":{"rendered":"http:\/\/demo2.drfuri.com\/martfury10\/?post_type=product&amp;p=292"},"modified":"2025-10-14T12:38:45","modified_gmt":"2025-10-14T12:38:45","slug":"ciate-palemore-lipstick-bold-red-color","status":"publish","type":"product","link":"https:\/\/murgako.com\/fr\/produit\/ciate-palemore-lipstick-bold-red-color\/","title":{"rendered":"Ciate Palemore Rouge \u00e0 l\u00e8vres rouge vif"},"content":{"rendered":"<h4 style=\"font-size: 16px; font-weight: 600;\">L'incarnation de l'esprit brut et vagabond du rock 'n' roll<\/h4>\n<p>Incarnation de l'esprit brut et rebelle du rock 'n' roll, l'enceinte st\u00e9r\u00e9o active portable Kilburn reprend l'aspect et le son incomparables de Marshall, d\u00e9branche les accords et emm\u00e8ne le spectacle sur la route.<\/p>\n<p>Pesant moins de 2,5 kg, la Kilburn est une pi\u00e8ce l\u00e9g\u00e8re d'ing\u00e9nierie de style vintage. Se positionnant comme l'une des enceintes les plus puissantes de sa cat\u00e9gorie, la Kilburn est un h\u00e9ros compact et robuste avec un son bien \u00e9quilibr\u00e9 qui se targue de m\u00e9diums clairs et d'aigus \u00e9tendus pour une sonorit\u00e9 \u00e0 la fois articul\u00e9e et prononc\u00e9e. Les boutons analogiques vous permettent d'ajuster les commandes \u00e0 vos pr\u00e9f\u00e9rences personnelles, tandis que la courroie en cuir inspir\u00e9e de la guitare permet un transport facile et \u00e9l\u00e9gant.<\/p>\n<p><a href=\"https:\/\/drfuri-demo-images.s3-us-west-1.amazonaws.com\/martfury\/market_1\/images\/p1-1.jpg\" target=\"_blank\" rel=\"noopener\"><img fetchpriority=\"high\" decoding=\"async\" class=\"alignnone wp-image-1964 size-full\" src=\"https:\/\/drfuri-demo-images.s3-us-west-1.amazonaws.com\/martfury\/market_1\/images\/p1-1.jpg\" alt=\"\" width=\"1170\" height=\"363\" \/><\/a><\/p>\n<h4 style=\"font-size: 16px; font-weight: 600;\">Qu'obtenez-vous ?<\/h4>\n<p>Sound of Marshall, d\u00e9branche les accords et prend la route.<br \/>\nPesant moins de 2,5 kg, la Kilburn est une pi\u00e8ce l\u00e9g\u00e8re d'ing\u00e9nierie de style vintage. Se positionnant comme l'une des enceintes les plus puissantes de sa cat\u00e9gorie, la Kilburn est un h\u00e9ros compact et robuste avec un son bien \u00e9quilibr\u00e9 qui se targue de m\u00e9diums clairs et d'aigus \u00e9tendus pour une sonorit\u00e9 \u00e0 la fois articul\u00e9e et prononc\u00e9e. Les boutons analogiques vous permettent d'ajuster les commandes \u00e0 vos pr\u00e9f\u00e9rences personnelles, tandis que la courroie en cuir inspir\u00e9e de la guitare permet un transport facile et \u00e9l\u00e9gant.<\/p>\n<p>La radio FM a peut-\u00eatre disparu pour de bon, l'hypoth\u00e8se \u00e9tant apparemment que le jury a tranch\u00e9 en faveur du streaming sur Internet. Le blaster IR est une autre caract\u00e9ristique qui devrait \u00eatre retir\u00e9e - le S6 l'avait, puis le Note5 ne l'avait pas, et maintenant avec le S7 la tendance est claire.<\/p>\n<h4 style=\"font-size: 16px; font-weight: 600;\">Parfait<\/h4>\n<p>Par ailleurs, la r\u00e9sistance \u00e0 l'eau IP68 a \u00e9t\u00e9 am\u00e9lior\u00e9e par rapport au S5, permettant une immersion jusqu'\u00e0 1,5 m\u00e8tre pendant 30 minutes, et il n'y a plus de rabat g\u00eanant recouvrant le port de charge<\/p>\n<ul>\n<li>Pas de radio FM (sauf pour les appareils de T-Mobile aux \u00c9tats-Unis, pour l'instant)<\/li>\n<li>Pas de blaster IR<\/li>\n<li>Pas de haut-parleurs st\u00e9r\u00e9o<\/li>\n<\/ul>\n<p>Si vous avez plong\u00e9 votre t\u00e9l\u00e9phone dans la baignoire, vous devrez s\u00e9cher le port de charge avant de le brancher. Samsung n'a pas r\u00e9invent\u00e9 la roue avec le design du Galaxy S7, mais ce n'\u00e9tait pas n\u00e9cessaire. Le Gala S6 \u00e9tait un appareil au style excellent, et le S7 a r\u00e9ussi \u00e0 l'am\u00e9liorer.<\/p>","protected":false},"excerpt":{"rendered":"<ul>\n<li>Haut-parleur st\u00e9r\u00e9o actif, portable et sans contrainte<\/li>\n<li>S'affranchir des fils et des accords<\/li>\n<li>20 heures de capacit\u00e9s portables<\/li>\n<li>Cordon h\u00e9lico\u00efdal \u00e0 double extr\u00e9mit\u00e9 avec fiches st\u00e9r\u00e9o de 3,5 mm incluses<\/li>\n<li>3\/4&#8243; Dome Tweeters: 2X and 4&#8243; Woofer: 1X<\/li>\n<\/ul>","protected":false},"featured_media":199,"comment_status":"open","ping_status":"closed","template":"","meta":[],"product_cat":[84,105],"product_tag":[62,142],"class_list":{"0":"post-292","1":"product","2":"type-product","3":"status-publish","4":"has-post-thumbnail","6":"product_brand-baxter","7":"product_cat-health-beauty","8":"product_cat-perfumer","9":"product_tag-chair","10":"product_tag-washer","12":"first","13":"instock","14":"sale","15":"shipping-taxable","16":"purchasable","17":"product-type-simple","18":"col-xs-6 col-sm-4","19":"col-md-3 col-lg-3","20":"un-4-cols"},"_links":{"self":[{"href":"https:\/\/murgako.com\/fr\/wp-json\/wp\/v2\/product\/292","targetHints":{"allow":["GET"]}}],"collection":[{"href":"https:\/\/murgako.com\/fr\/wp-json\/wp\/v2\/product"}],"about":[{"href":"https:\/\/murgako.com\/fr\/wp-json\/wp\/v2\/types\/product"}],"replies":[{"embeddable":true,"href":"https:\/\/murgako.com\/fr\/wp-json\/wp\/v2\/comments?post=292"}],"wp:featuredmedia":[{"embeddable":true,"href":"https:\/\/murgako.com\/fr\/wp-json\/wp\/v2\/media\/199"}],"wp:attachment":[{"href":"https:\/\/murgako.com\/fr\/wp-json\/wp\/v2\/media?parent=292"}],"wp:term":[{"taxonomy":"product_cat","embeddable":true,"href":"https:\/\/murgako.com\/fr\/wp-json\/wp\/v2\/product_cat?post=292"},{"taxonomy":"product_tag","embeddable":true,"href":"https:\/\/murgako.com\/fr\/wp-json\/wp\/v2\/product_tag?post=292"}],"curies":[{"name":"wp","href":"https:\/\/api.w.org\/{rel}","templated":true}]}}