{"id":137,"date":"2017-11-28T08:28:53","date_gmt":"2017-11-28T08:28:53","guid":{"rendered":"http:\/\/demo2.drfuri.com\/martfury10\/?page_id=137"},"modified":"2017-11-28T08:28:53","modified_gmt":"2017-11-28T08:28:53","slug":"faqs","status":"publish","type":"page","link":"https:\/\/murgako.com\/pt\/faqs\/","title":{"rendered":"Perguntas frequentes"},"content":{"rendered":"<div data-elementor-type=\"wp-post\" data-elementor-id=\"137\" class=\"elementor elementor-137\" data-elementor-post-type=\"page\">\n\t\t\t\t\t\t<section class=\"elementor-section elementor-top-section elementor-element elementor-element-16b61fc9 elementor-section-boxed elementor-section-height-default elementor-section-height-default\" data-id=\"16b61fc9\" data-element_type=\"section\">\n\t\t\t\t\t\t<div class=\"elementor-container elementor-column-gap-default\">\n\t\t\t\t\t<div class=\"elementor-column elementor-col-100 elementor-top-column elementor-element elementor-element-65ffc55\" data-id=\"65ffc55\" data-element_type=\"column\">\n\t\t\t<div class=\"elementor-widget-wrap elementor-element-populated\">\n\t\t\t\t\t\t<div class=\"elementor-element elementor-element-21f748e3 elementor-widget elementor-widget-spacer\" data-id=\"21f748e3\" data-element_type=\"widget\" data-widget_type=\"spacer.default\">\n\t\t\t\t\t\t\t<div class=\"elementor-spacer\">\n\t\t\t<div class=\"elementor-spacer-inner\"><\/div>\n\t\t<\/div>\n\t\t\t\t\t\t<\/div>\n\t\t\t\t\t<\/div>\n\t\t<\/div>\n\t\t\t\t\t<\/div>\n\t\t<\/section>\n\t\t\t\t<section class=\"elementor-section elementor-top-section elementor-element elementor-element-57dacb49 elementor-section-boxed elementor-section-height-default elementor-section-height-default\" data-id=\"57dacb49\" data-element_type=\"section\">\n\t\t\t\t\t\t<div class=\"elementor-container elementor-column-gap-default\">\n\t\t\t\t\t<div class=\"elementor-column elementor-col-100 elementor-top-column elementor-element elementor-element-5dcbb199\" data-id=\"5dcbb199\" data-element_type=\"column\">\n\t\t\t<div class=\"elementor-widget-wrap elementor-element-populated\">\n\t\t\t\t\t\t<div class=\"elementor-element elementor-element-247fbb61 elementor-widget elementor-widget-heading\" data-id=\"247fbb61\" data-element_type=\"widget\" data-widget_type=\"heading.default\">\n\t\t\t\t\t<h2 class=\"elementor-heading-title elementor-size-default\">Perguntas frequentes<\/h2>\t\t\t\t<\/div>\n\t\t\t\t<div class=\"elementor-element elementor-element-3c7ca3a4 elementor-widget elementor-widget-spacer\" data-id=\"3c7ca3a4\" data-element_type=\"widget\" data-widget_type=\"spacer.default\">\n\t\t\t\t\t\t\t<div class=\"elementor-spacer\">\n\t\t\t<div class=\"elementor-spacer-inner\"><\/div>\n\t\t<\/div>\n\t\t\t\t\t\t<\/div>\n\t\t\t\t\t<\/div>\n\t\t<\/div>\n\t\t\t\t\t<\/div>\n\t\t<\/section>\n\t\t\t\t<section class=\"elementor-section elementor-top-section elementor-element elementor-element-2c2384c7 elementor-section-boxed elementor-section-height-default elementor-section-height-default\" data-id=\"2c2384c7\" data-element_type=\"section\">\n\t\t\t\t\t\t<div class=\"elementor-container elementor-column-gap-default\">\n\t\t\t\t\t<div class=\"elementor-column elementor-col-100 elementor-top-column elementor-element elementor-element-3e239fbf\" data-id=\"3e239fbf\" data-element_type=\"column\">\n\t\t\t<div class=\"elementor-widget-wrap elementor-element-populated\">\n\t\t\t\t\t\t<div class=\"elementor-element elementor-element-70fb3c52 elementor-widget elementor-widget-martfury-faqs\" data-id=\"70fb3c52\" data-element_type=\"widget\" data-widget_type=\"martfury-faqs.default\">\n\t\t\t\t<div class=\"elementor-widget-container\">\n\t\t\t\t\t<div class=\"martfury-faq_group\"><div class=\"row\"><div class=\"col-gtitle col-md-3 col-sm-3 col-xs-12\"><h2 class=\"g-title\">TRANSPORTE<\/h2><\/div><div class=\"col-md-9 col-sm-9 col-xs-12\"><div class=\"row\"><div class=\"faq-item\"><div class=\"col-title col-md-5 col-sm-5 col-xs-12\"> <h3 class=\"title\"> Quais s\u00e3o os m\u00e9todos de remessa dispon\u00edveis?<\/h3><\/div><div class=\"col-md-7 col-sm-7 col-xs-12\"> <div class=\"desc\">Ex bigode de irure de Portland Pitchfork. Eutra fap antes que se esgotem literalmente. Aliquip ugh bicycle rights actually mlkshk, seitan squid craft beer tempor.<\/div><\/div><\/div><div class=\"faq-item\"><div class=\"col-title col-md-5 col-sm-5 col-xs-12\"> <h3 class=\"title\">Voc\u00eas fazem envios internacionais?<\/h3><\/div><div class=\"col-md-7 col-sm-7 col-xs-12\"> <div class=\"desc\">Bolsa com capuz mixtape tofu. Bermuda jeans wolf quinoa, bolsa mensageiro organic freegan cray.<\/div><\/div><\/div><div class=\"faq-item\"><div class=\"col-title col-md-5 col-sm-5 col-xs-12\"> <h3 class=\"title\">Quanto tempo levar\u00e1 para receber meu pacote?<\/h3><\/div><div class=\"col-md-7 col-sm-7 col-xs-12\"> <div class=\"desc\">\nBrunch de barriga de porco de m\u00e1quina de escrever VHS com quinoa de carboidratos lentos, caf\u00e9 paleo de origem \u00fanica Wes Anderson. Flexitarian Pitchfork forage, literalmente paleo fap pour-over. Wes Anderson Pinterest YOLO fanny pack meggings, deep v XOXO chambray sustainable slow-carb raw denim church-key fap chillwave Etsy. +1 m\u00e1quina de escrever kitsch, American Apparel tofu Banksy Vice.<\/div><\/div><\/div><\/div><\/div><\/div><\/div>\t\t\t\t<\/div>\n\t\t\t\t<\/div>\n\t\t\t\t<div class=\"elementor-element elementor-element-43060ca6 elementor-widget elementor-widget-spacer\" data-id=\"43060ca6\" data-element_type=\"widget\" data-widget_type=\"spacer.default\">\n\t\t\t\t\t\t\t<div class=\"elementor-spacer\">\n\t\t\t<div class=\"elementor-spacer-inner\"><\/div>\n\t\t<\/div>\n\t\t\t\t\t\t<\/div>\n\t\t\t\t<div class=\"elementor-element elementor-element-4401544b elementor-widget-divider--view-line elementor-widget elementor-widget-divider\" data-id=\"4401544b\" data-element_type=\"widget\" data-widget_type=\"divider.default\">\n\t\t\t\t\t\t\t<div class=\"elementor-divider\">\n\t\t\t<span class=\"elementor-divider-separator\">\n\t\t\t\t\t\t<\/span>\n\t\t<\/div>\n\t\t\t\t\t\t<\/div>\n\t\t\t\t<div class=\"elementor-element elementor-element-68fffb36 elementor-widget elementor-widget-spacer\" data-id=\"68fffb36\" data-element_type=\"widget\" data-widget_type=\"spacer.default\">\n\t\t\t\t\t\t\t<div class=\"elementor-spacer\">\n\t\t\t<div class=\"elementor-spacer-inner\"><\/div>\n\t\t<\/div>\n\t\t\t\t\t\t<\/div>\n\t\t\t\t<div class=\"elementor-element elementor-element-69365301 elementor-widget elementor-widget-martfury-faqs\" data-id=\"69365301\" data-element_type=\"widget\" data-widget_type=\"martfury-faqs.default\">\n\t\t\t\t<div class=\"elementor-widget-container\">\n\t\t\t\t\t<div class=\"martfury-faq_group\"><div class=\"row\"><div class=\"col-gtitle col-md-3 col-sm-3 col-xs-12\"><h2 class=\"g-title\">PAGAMENTO<\/h2><\/div><div class=\"col-md-9 col-sm-9 col-xs-12\"><div class=\"row\"><div class=\"faq-item\"><div class=\"col-title col-md-5 col-sm-5 col-xs-12\"> <h3 class=\"title\"> Quais m\u00e9todos de pagamento s\u00e3o aceitos?<\/h3><\/div><div class=\"col-md-7 col-sm-7 col-xs-12\"> <div class=\"desc\">\nFashion axe DIY jean shorts, swag kale chips meh polaroid kogi butcher Wes Anderson chambray next level semiotics gentrify yr. Voluptate photo booth fugiat Vice. Austin sed Williamsburg, ea labore raw denim voluptate cred proident mixtape excepteur mustache. Cabine fotogr\u00e1fica Twee chia readymade food truck, hoodie roof party swag keytar PBR DIY.<\/div><\/div><\/div><div class=\"faq-item\"><div class=\"col-title col-md-5 col-sm-5 col-xs-12\"> <h3 class=\"title\">A compra on-line \u00e9 segura?<\/h3><\/div><div class=\"col-md-7 col-sm-7 col-xs-12\"> <div class=\"desc\">\nFesta de arte aut\u00eantica freegan semiotics jean shorts chia cred. Neutra Austin roof party Brooklyn, synth Thundercats swag 8-bit photo booth. Leggings xadrez letterpress cerveja artesanal meh \u00e9tica Pinterest.<\/div><\/div><\/div><\/div><\/div><\/div><\/div>\t\t\t\t<\/div>\n\t\t\t\t<\/div>\n\t\t\t\t<div class=\"elementor-element elementor-element-2a43f9bc elementor-widget elementor-widget-spacer\" data-id=\"2a43f9bc\" data-element_type=\"widget\" data-widget_type=\"spacer.default\">\n\t\t\t\t\t\t\t<div class=\"elementor-spacer\">\n\t\t\t<div class=\"elementor-spacer-inner\"><\/div>\n\t\t<\/div>\n\t\t\t\t\t\t<\/div>\n\t\t\t\t<div class=\"elementor-element elementor-element-4dc38c21 elementor-widget-divider--view-line elementor-widget elementor-widget-divider\" data-id=\"4dc38c21\" data-element_type=\"widget\" data-widget_type=\"divider.default\">\n\t\t\t\t\t\t\t<div class=\"elementor-divider\">\n\t\t\t<span class=\"elementor-divider-separator\">\n\t\t\t\t\t\t<\/span>\n\t\t<\/div>\n\t\t\t\t\t\t<\/div>\n\t\t\t\t<div class=\"elementor-element elementor-element-1ed914d6 elementor-widget elementor-widget-spacer\" data-id=\"1ed914d6\" data-element_type=\"widget\" data-widget_type=\"spacer.default\">\n\t\t\t\t\t\t\t<div class=\"elementor-spacer\">\n\t\t\t<div class=\"elementor-spacer-inner\"><\/div>\n\t\t<\/div>\n\t\t\t\t\t\t<\/div>\n\t\t\t\t<div class=\"elementor-element elementor-element-1619321 elementor-widget elementor-widget-martfury-faqs\" data-id=\"1619321\" data-element_type=\"widget\" data-widget_type=\"martfury-faqs.default\">\n\t\t\t\t<div class=\"elementor-widget-container\">\n\t\t\t\t\t<div class=\"martfury-faq_group\"><div class=\"row\"><div class=\"col-gtitle col-md-3 col-sm-3 col-xs-12\"><h2 class=\"g-title\">Pedidos e devolu\u00e7\u00f5es<\/h2><\/div><div class=\"col-md-9 col-sm-9 col-xs-12\"><div class=\"row\"><div class=\"faq-item\"><div class=\"col-title col-md-5 col-sm-5 col-xs-12\"> <h3 class=\"title\">Como fa\u00e7o para fazer um pedido?<\/h3><\/div><div class=\"col-md-7 col-sm-7 col-xs-12\"> <div class=\"desc\">Keytar cray slow-carb, Godard banh mi salvia pour-over. Odd Future seitan normcore slow-carb. Master cleanse American Apparel gentrify flexitarian beard slow-carb next level. Brim cru polaroid paleo farm-to-table, coloque um p\u00e1ssaro nele lo-fi tatuado Wes Anderson Pinterest letterpress. Fingerstache McSweeney's pour-over, letterpress Schlitz photo booth master cleanse bespoke hashtag chillwave gentrify.<\/div><\/div><\/div><div class=\"faq-item\"><div class=\"col-title col-md-5 col-sm-5 col-xs-12\"> <h3 class=\"title\">Como posso cancelar ou alterar meu pedido?<\/h3><\/div><div class=\"col-md-7 col-sm-7 col-xs-12\"> <div class=\"desc\">Leggings xadrez de impress\u00e3o tipogr\u00e1fica cerveja artesanal meh \u00e9tica Pinterest. Festa de arte aut\u00eantica freegan semiotics jean shorts chia cred. Festa no telhado da Neutra Austin Brooklyn, cabine de fotos 8-bit dos Thundercats synth.<\/div><\/div><\/div><div class=\"faq-item\"><div class=\"col-title col-md-5 col-sm-5 col-xs-12\"> <h3 class=\"title\">Preciso de uma conta para fazer um pedido?<\/h3><\/div><div class=\"col-md-7 col-sm-7 col-xs-12\"> <div class=\"desc\">\nThundercats swag 8-bit photo booth. Leggings xadrez letterpress cerveja artesanal meh \u00e9tica Pinterest. Twee chia photo booth readymade food truck, hoodie roof party swag keytar PBR DIY. Cray ugh 3 wolf moon fap, fashion axe irony butcher cornhole typewriter chambray VHS banjo street art.<\/div><\/div><\/div><div class=\"faq-item\"><div class=\"col-title col-md-5 col-sm-5 col-xs-12\"> <h3 class=\"title\">Como fa\u00e7o para rastrear meu pedido?<\/h3><\/div><div class=\"col-md-7 col-sm-7 col-xs-12\"> <div class=\"desc\">Keytar cray slow-carb, Godard banh mi salvia pour-over. Slow-carb @Odd Future seitan normcore. Master cleanse American Apparel gentrify flexitarian beard slow-carb next level.<\/div><\/div><\/div><div class=\"faq-item\"><div class=\"col-title col-md-5 col-sm-5 col-xs-12\"> <h3 class=\"title\">Como posso devolver um produto?<\/h3><\/div><div class=\"col-md-7 col-sm-7 col-xs-12\"> <div class=\"desc\">Kale chips Truffaut Williamsburg, hashtag fixie Pinterest raw denim c hambray drinking vinegar Carles street art Bushwick gastropub. Wolf Tumblr paleo church-key. Plaid food truck Echo Park YOLO bitters hella, com\u00e9rcio direto Thundercats leggings quinoa antes de se esgotarem. Voc\u00ea provavelmente nunca ouviu falar deles wayfarers aut\u00eanticos umami bebendo vinagre Pinterest Cosby sweater, fingerstache fap High Life.<\/div><\/div><\/div><\/div><\/div><\/div><\/div>\t\t\t\t<\/div>\n\t\t\t\t<\/div>\n\t\t\t\t<div class=\"elementor-element elementor-element-16a6e3f5 elementor-widget elementor-widget-spacer\" data-id=\"16a6e3f5\" data-element_type=\"widget\" data-widget_type=\"spacer.default\">\n\t\t\t\t\t\t\t<div class=\"elementor-spacer\">\n\t\t\t<div class=\"elementor-spacer-inner\"><\/div>\n\t\t<\/div>\n\t\t\t\t\t\t<\/div>\n\t\t\t\t\t<\/div>\n\t\t<\/div>\n\t\t\t\t\t<\/div>\n\t\t<\/section>\n\t\t\t\t<section class=\"elementor-section elementor-top-section elementor-element elementor-element-1379d4f9 elementor-section-stretched elementor-section-boxed elementor-section-height-default elementor-section-height-default\" data-id=\"1379d4f9\" data-element_type=\"section\" data-settings=\"{&quot;stretch_section&quot;:&quot;section-stretched&quot;,&quot;background_background&quot;:&quot;classic&quot;}\">\n\t\t\t\t\t\t<div class=\"elementor-container elementor-column-gap-default\">\n\t\t\t\t\t<div class=\"elementor-column elementor-col-100 elementor-top-column elementor-element elementor-element-b87f9f1\" data-id=\"b87f9f1\" data-element_type=\"column\">\n\t\t\t<div class=\"elementor-widget-wrap elementor-element-populated\">\n\t\t\t\t\t\t<div class=\"elementor-element elementor-element-3d12a5c6 elementor-widget elementor-widget-spacer\" data-id=\"3d12a5c6\" data-element_type=\"widget\" data-widget_type=\"spacer.default\">\n\t\t\t\t\t\t\t<div class=\"elementor-spacer\">\n\t\t\t<div class=\"elementor-spacer-inner\"><\/div>\n\t\t<\/div>\n\t\t\t\t\t\t<\/div>\n\t\t\t\t<div class=\"elementor-element elementor-element-7e27bbe1 elementor-widget elementor-widget-text-editor\" data-id=\"7e27bbe1\" data-element_type=\"widget\" data-widget_type=\"text-editor.default\">\n\t\t\t\t\t\t\t\t\t<div class=\"text-center\">Estamos aqui para ajudar! <a class=\"primary-color\" style=\"text-decoration: underline;\" href=\"#\">Entre em contato conosco<\/a><\/div>\t\t\t\t\t\t\t\t<\/div>\n\t\t\t\t<div class=\"elementor-element elementor-element-c56abdb elementor-widget elementor-widget-spacer\" data-id=\"c56abdb\" data-element_type=\"widget\" data-widget_type=\"spacer.default\">\n\t\t\t\t\t\t\t<div class=\"elementor-spacer\">\n\t\t\t<div class=\"elementor-spacer-inner\"><\/div>\n\t\t<\/div>\n\t\t\t\t\t\t<\/div>\n\t\t\t\t\t<\/div>\n\t\t<\/div>\n\t\t\t\t\t<\/div>\n\t\t<\/section>\n\t\t\t\t<\/div>","protected":false},"excerpt":{"rendered":"<p>Frequently Asked Questions SHIPPING What Shipping Methods Are Available? Ex Portland Pitchfork irure mustache. Eutra fap before they sold out literally. Aliquip ugh bicycle rights actually mlkshk, seitan squid craft beer tempor. Do You Ship Internationally? Hoodie tote bag mixtape tofu. Typewriter jean shorts wolf quinoa, messenger bag organic freegan cray. How Long Will It&hellip;<\/p>","protected":false},"author":1,"featured_media":0,"parent":0,"menu_order":0,"comment_status":"closed","ping_status":"closed","template":"template-full-width.php","meta":{"footnotes":""},"class_list":["post-137","page","type-page","status-publish","hentry"],"_links":{"self":[{"href":"https:\/\/murgako.com\/pt\/wp-json\/wp\/v2\/pages\/137","targetHints":{"allow":["GET"]}}],"collection":[{"href":"https:\/\/murgako.com\/pt\/wp-json\/wp\/v2\/pages"}],"about":[{"href":"https:\/\/murgako.com\/pt\/wp-json\/wp\/v2\/types\/page"}],"author":[{"embeddable":true,"href":"https:\/\/murgako.com\/pt\/wp-json\/wp\/v2\/users\/1"}],"replies":[{"embeddable":true,"href":"https:\/\/murgako.com\/pt\/wp-json\/wp\/v2\/comments?post=137"}],"version-history":[{"count":0,"href":"https:\/\/murgako.com\/pt\/wp-json\/wp\/v2\/pages\/137\/revisions"}],"wp:attachment":[{"href":"https:\/\/murgako.com\/pt\/wp-json\/wp\/v2\/media?parent=137"}],"curies":[{"name":"wp","href":"https:\/\/api.w.org\/{rel}","templated":true}]}}